{"id":9,"date":"2026-04-05T11:24:34","date_gmt":"2026-04-05T11:24:34","guid":{"rendered":"http:\/\/ctcptricuong.com\/?page_id=9"},"modified":"2026-04-05T12:07:14","modified_gmt":"2026-04-05T12:07:14","slug":"elementor-9","status":"publish","type":"page","link":"https:\/\/ctcptricuong.com\/","title":{"rendered":"Elementor #9"},"content":{"rendered":"\t\t<div data-elementor-type=\"wp-page\" data-elementor-id=\"9\" class=\"elementor elementor-9\">\n\t\t\t\t<div class=\"elementor-element elementor-element-590d4f8 e-flex e-con-boxed e-con e-parent\" data-id=\"590d4f8\" data-element_type=\"container\" data-e-type=\"container\" data-settings=\"{&quot;background_background&quot;:&quot;classic&quot;}\">\n\t\t\t\t\t<div class=\"e-con-inner\">\n\t\t\t\t\t<\/div>\n\t\t\t\t<\/div>\n\t\t<div class=\"elementor-element elementor-element-d8a0290 e-flex e-con-boxed e-con e-parent\" data-id=\"d8a0290\" data-element_type=\"container\" data-e-type=\"container\" data-settings=\"{&quot;background_background&quot;:&quot;classic&quot;}\">\n\t\t\t\t\t<div class=\"e-con-inner\">\n\t\t\t\t<div class=\"elementor-element elementor-element-23730a0 elementor-widget elementor-widget-heading\" data-id=\"23730a0\" data-element_type=\"widget\" data-e-type=\"widget\" data-widget_type=\"heading.default\">\n\t\t\t\t\t<h1 class=\"elementor-heading-title elementor-size-default\">GI\u1edaI THI\u1ec6U N\u0102NG L\u1ef0C HO\u1ea0T \u0110\u1ed8NG X\u00c2Y D\u1ef0NG C\u00d4NG TY<\/h1>\t\t\t\t<\/div>\n\t\t\t\t\t<\/div>\n\t\t\t\t<\/div>\n\t\t<div class=\"elementor-element elementor-element-03ce790 e-flex e-con-boxed e-con e-parent\" data-id=\"03ce790\" data-element_type=\"container\" data-e-type=\"container\" data-settings=\"{&quot;background_background&quot;:&quot;classic&quot;}\">\n\t\t\t\t\t<div class=\"e-con-inner\">\n\t\t\t\t<div class=\"elementor-element elementor-element-7c960ae elementor-widget elementor-widget-text-editor\" data-id=\"7c960ae\" data-element_type=\"widget\" data-e-type=\"widget\" data-widget_type=\"text-editor.default\">\n\t\t\t\t\t\t\t\t\t<h2>C\u00f4ng ty C\u1ed5 ph\u1ea7n Tr\u00ed C\u01b0\u1eddng \u0111\u01b0\u1ee3c S\u1edf K\u1ebf ho\u1ea1ch v\u00e0 \u0111\u1ea7u t\u01b0 t\u1ec9nh Qu\u1ea3ng Nam c\u1ea5p <br \/>gi\u1ea5y ch\u1ee9ng nh\u1eadn \u0111\u0103ng k\u00fd kinh doanh l\u1ea7n \u0111\u1ea7u s\u1ed1: 3303070394 ng\u00e0y 21\/4\/2008, l\u1ea7n 11 s\u1ed1: 4000490489 ng\u00e0y 09\/9\/2025 do Ph\u00f2ng Doanh nghi\u1ec7p v\u00e0 \u0110KKD \u2013 S\u1edf T\u00e0i ch\u00ednh Tp \u0110\u00e0 N\u1eb5ng c\u1ea5p. <br \/>C\u00f4ng ty \u0111\u01b0\u1ee3c S\u1edf X\u00e2y d\u1ef1ng Qu\u1ea3ng Nam c\u1ea5p ch\u1ee9ng ch\u1ec9 n\u0103ng l\u1ef1c ho\u1ea1t \u0111\u1ed9ng x\u00e2y d\u1ef1ng s\u1ed1: QUN-00027138 v\u00e0o ng\u00e0y 04\/6\/2024.<\/h2>\t\t\t\t\t\t\t\t<\/div>\n\t\t\t\t<div class=\"elementor-element elementor-element-8d1ac0d elementor-widget elementor-widget-heading\" data-id=\"8d1ac0d\" data-element_type=\"widget\" data-e-type=\"widget\" data-widget_type=\"heading.default\">\n\t\t\t\t\t<h1 class=\"elementor-heading-title elementor-size-default\"><a href=\"https:\/\/drive.google.com\/file\/d\/1kZxMCUsedVgB0_OKHbBYWOnyH3S4-012\/view?usp=sharing\" target=\"_blank\">&gt;&gt;&gt; Xem chi ti\u1ebft t\u1ea1i \u0111\u00e2y &lt;&lt;&lt;<\/a><\/h1>\t\t\t\t<\/div>\n\t\t\t\t\t<\/div>\n\t\t\t\t<\/div>\n\t\t\t\t<\/div>\n\t\t","protected":false},"excerpt":{"rendered":"<p>GI\u1edaI THI\u1ec6U N\u0102NG L\u1ef0C HO\u1ea0T \u0110\u1ed8NG X\u00c2Y D\u1ef0NG C\u00d4NG TY C\u00f4ng ty C\u1ed5 ph\u1ea7n Tr\u00ed C\u01b0\u1eddng \u0111\u01b0\u1ee3c S\u1edf K\u1ebf ho\u1ea1ch [&hellip;]<\/p>\n","protected":false},"author":1,"featured_media":0,"parent":0,"menu_order":0,"comment_status":"closed","ping_status":"closed","template":"","meta":{"site-sidebar-layout":"no-sidebar","site-content-layout":"","ast-site-content-layout":"full-width-container","site-content-style":"default","site-sidebar-style":"default","ast-global-header-display":"","ast-banner-title-visibility":"","ast-main-header-display":"","ast-hfb-above-header-display":"","ast-hfb-below-header-display":"","ast-hfb-mobile-header-display":"","site-post-title":"disabled","ast-breadcrumbs-content":"","ast-featured-img":"disabled","footer-sml-layout":"","ast-disable-related-posts":"","theme-transparent-header-meta":"","adv-header-id-meta":"","stick-header-meta":"","header-above-stick-meta":"","header-main-stick-meta":"","header-below-stick-meta":"","astra-migrate-meta-layouts":"default","ast-page-background-enabled":"default","ast-page-background-meta":{"desktop":{"background-color":"var(--ast-global-color-5)","background-image":"","background-repeat":"repeat","background-position":"center center","background-size":"auto","background-attachment":"scroll","background-type":"","background-media":"","overlay-type":"","overlay-color":"","overlay-opacity":"","overlay-gradient":""},"tablet":{"background-color":"","background-image":"","background-repeat":"repeat","background-position":"center center","background-size":"auto","background-attachment":"scroll","background-type":"","background-media":"","overlay-type":"","overlay-color":"","overlay-opacity":"","overlay-gradient":""},"mobile":{"background-color":"","background-image":"","background-repeat":"repeat","background-position":"center center","background-size":"auto","background-attachment":"scroll","background-type":"","background-media":"","overlay-type":"","overlay-color":"","overlay-opacity":"","overlay-gradient":""}},"ast-content-background-meta":{"desktop":{"background-color":"var(--ast-global-color-4)","background-image":"","background-repeat":"repeat","background-position":"center center","background-size":"auto","background-attachment":"scroll","background-type":"","background-media":"","overlay-type":"","overlay-color":"","overlay-opacity":"","overlay-gradient":""},"tablet":{"background-color":"var(--ast-global-color-4)","background-image":"","background-repeat":"repeat","background-position":"center center","background-size":"auto","background-attachment":"scroll","background-type":"","background-media":"","overlay-type":"","overlay-color":"","overlay-opacity":"","overlay-gradient":""},"mobile":{"background-color":"var(--ast-global-color-4)","background-image":"","background-repeat":"repeat","background-position":"center center","background-size":"auto","background-attachment":"scroll","background-type":"","background-media":"","overlay-type":"","overlay-color":"","overlay-opacity":"","overlay-gradient":""}},"footnotes":""},"class_list":["post-9","page","type-page","status-publish","hentry"],"_links":{"self":[{"href":"https:\/\/ctcptricuong.com\/index.php\/wp-json\/wp\/v2\/pages\/9","targetHints":{"allow":["GET"]}}],"collection":[{"href":"https:\/\/ctcptricuong.com\/index.php\/wp-json\/wp\/v2\/pages"}],"about":[{"href":"https:\/\/ctcptricuong.com\/index.php\/wp-json\/wp\/v2\/types\/page"}],"author":[{"embeddable":true,"href":"https:\/\/ctcptricuong.com\/index.php\/wp-json\/wp\/v2\/users\/1"}],"replies":[{"embeddable":true,"href":"https:\/\/ctcptricuong.com\/index.php\/wp-json\/wp\/v2\/comments?post=9"}],"version-history":[{"count":19,"href":"https:\/\/ctcptricuong.com\/index.php\/wp-json\/wp\/v2\/pages\/9\/revisions"}],"predecessor-version":[{"id":32,"href":"https:\/\/ctcptricuong.com\/index.php\/wp-json\/wp\/v2\/pages\/9\/revisions\/32"}],"wp:attachment":[{"href":"https:\/\/ctcptricuong.com\/index.php\/wp-json\/wp\/v2\/media?parent=9"}],"curies":[{"name":"wp","href":"https:\/\/api.w.org\/{rel}","templated":true}]}}